{"id":371,"date":"2026-02-04T18:57:40","date_gmt":"2026-02-04T17:57:40","guid":{"rendered":"https:\/\/destinoalquezar.com\/contact\/"},"modified":"2026-02-18T11:00:12","modified_gmt":"2026-02-18T10:00:12","slug":"contact","status":"publish","type":"page","link":"https:\/\/destinoalquezar.com\/en\/contact\/","title":{"rendered":"Contact"},"content":{"rendered":"<p>[et_pb_section fb_built=&#8221;1&#8243; fullwidth=&#8221;on&#8221; _builder_version=&#8221;4.27.5&#8243; _module_preset=&#8221;default&#8221; global_colors_info=&#8221;{}&#8221;][et_pb_fullwidth_header title=&#8221;YOUR NEXT GETAWAY TO ALQU\u00c9ZAR&#8221; button_one_url=&#8221;https:\/\/engine.prod.witbooking.com\/en\/hotel\/destino_alquezar&#8221; button_two_url=&#8221;https:\/\/destinoalquezar.com\/en\/contact\/&#8221; background_overlay_color=&#8221;rgba(0,0,0,0.4)&#8221; content_max_width=&#8221;50%&#8221; content_max_width_tablet=&#8221;100%&#8221; content_max_width_phone=&#8221;100%&#8221; content_max_width_last_edited=&#8221;on|phone&#8221; _builder_version=&#8221;4.27.5&#8243; _module_preset=&#8221;default&#8221; title_text_align=&#8221;left&#8221; title_line_height=&#8221;1.2em&#8221; content_font_size=&#8221;21px&#8221; content_line_height=&#8221;1.4em&#8221; background_enable_color=&#8221;off&#8221; background_image=&#8221;https:\/\/destinoalquezar.com\/wp-content\/uploads\/2026\/02\/apartamentos-fuendebanos-0-alquezar10.jpg&#8221; background_enable_video_mp4=&#8221;off&#8221; custom_button_one=&#8221;on&#8221; button_one_icon=&#8221;&#xf073;||fa||400&#8243; button_one_icon_placement=&#8221;left&#8221; button_one_on_hover=&#8221;off&#8221; button_one_custom_margin=&#8221;60px||||false|false&#8221; button_one_custom_padding=&#8221;8px||||false|false&#8221; custom_button_two=&#8221;on&#8221; button_two_icon=&#8221;&#xf086;||fa||400&#8243; button_two_icon_placement=&#8221;left&#8221; button_two_on_hover=&#8221;off&#8221; button_two_custom_margin=&#8221;||||false|false&#8221; button_two_custom_padding=&#8221;8px||||false|false&#8221; custom_margin=&#8221;||||false|false&#8221; custom_padding=&#8221;248px||248px||true|false&#8221; custom_padding_tablet=&#8221;150px||150px||true|false&#8221; custom_padding_phone=&#8221;100px||100px||true|false&#8221; custom_padding_last_edited=&#8221;on|tablet&#8221; link_option_url_new_window=&#8221;on&#8221; title_text_align_tablet=&#8221;center&#8221; title_text_align_phone=&#8221;center&#8221; title_text_align_last_edited=&#8221;on|tablet&#8221; title_font_size_tablet=&#8221;27px&#8221; title_font_size_phone=&#8221;22px&#8221; title_font_size_last_edited=&#8221;on|phone&#8221; content_text_align_tablet=&#8221;center&#8221; content_text_align_phone=&#8221;center&#8221; content_text_align_last_edited=&#8221;on|phone&#8221; content_line_height_tablet=&#8221;1.3em&#8221; content_line_height_phone=&#8221;1.3em&#8221; content_line_height_last_edited=&#8221;on|tablet&#8221; button_one_text_size_tablet=&#8221;15px&#8221; button_one_text_size_phone=&#8221;14px&#8221; button_one_text_size_last_edited=&#8221;on|phone&#8221; button_two_text_size_tablet=&#8221;15px&#8221; button_two_text_size_phone=&#8221;14px&#8221; button_two_text_size_last_edited=&#8221;on|tablet&#8221; module_alignment_last_edited=&#8221;off|tablet&#8221; global_colors_info=&#8221;{}&#8221; custom_css_content_last_edited=&#8221;off|desktop&#8221; custom_css_button_1_last_edited=&#8221;on|phone&#8221; custom_css_button_1_tablet=&#8221;margin-left:27%;&#8221; custom_css_button_2_last_edited=&#8221;off|desktop&#8221; custom_css_title_last_edited=&#8221;off|desktop&#8221; custom_css_button_1_phone=&#8221;margin-left:5%;&#8221;]<\/p>\n<p>Do you have questions, need information, or want to start planning your visit? We are here to help you experience Alqu\u00e9zar to the fullest.<\/p>\n<p>[\/et_pb_fullwidth_header][\/et_pb_section][et_pb_section fb_built=&#8221;1&#8243; custom_padding_last_edited=&#8221;on|tablet&#8221; _builder_version=&#8221;4.27.5&#8243; _module_preset=&#8221;default&#8221; custom_padding_tablet=&#8221;||0px||false|false&#8221; custom_padding_phone=&#8221;||0px||false|false&#8221; global_colors_info=&#8221;{}&#8221;][et_pb_row column_structure=&#8221;1_2,1_2&#8243; use_custom_gutter=&#8221;on&#8221; gutter_width=&#8221;4&#8243; _builder_version=&#8221;4.27.5&#8243; _module_preset=&#8221;default&#8221; global_colors_info=&#8221;{}&#8221;][et_pb_column type=&#8221;1_2&#8243; _builder_version=&#8221;4.27.5&#8243; _module_preset=&#8221;default&#8221; global_colors_info=&#8221;{}&#8221;][et_pb_heading title=&#8221;Contact us&#8221; _builder_version=&#8221;4.27.5&#8243; _module_preset=&#8221;default&#8221; title_level=&#8221;h2&#8243; title_font_size=&#8221;29px&#8221; title_line_height=&#8221;1.2em&#8221; custom_margin=&#8221;||15px||false|false&#8221; title_font_size_tablet=&#8221;24px&#8221; title_font_size_phone=&#8221;21px&#8221; title_font_size_last_edited=&#8221;on|tablet&#8221; global_colors_info=&#8221;{}&#8221;][\/et_pb_heading][et_pb_divider divider_weight=&#8221;4px&#8221; _builder_version=&#8221;4.27.5&#8243; _module_preset=&#8221;default&#8221; width=&#8221;50px&#8221; custom_margin=&#8221;||2px||false|false&#8221; global_colors_info=&#8221;{}&#8221;][\/et_pb_divider][et_pb_text _builder_version=&#8221;4.27.5&#8243; _module_preset=&#8221;default&#8221; custom_margin=&#8221;||36px|||&#8221; global_colors_info=&#8221;{}&#8221;]<\/p>\n<p>Call or write to us and tell us what you need: information about our accommodations, recommendations, activities, or any other questions. We will respond as soon as possible to make your experience in Alqu\u00e9zar unforgettable.<\/p>\n<p>[\/et_pb_text][et_pb_blurb title=&#8221;Phone&#8221; use_icon=&#8221;on&#8221; font_icon=&#8221;&#xe090;||divi||400&#8243; icon_placement=&#8221;left&#8221; image_icon_width=&#8221;25px&#8221; content_max_width=&#8221;1450px&#8221; _builder_version=&#8221;4.27.5&#8243; _module_preset=&#8221;default&#8221; custom_margin=&#8221;||33px|||&#8221; locked=&#8221;off&#8221; global_colors_info=&#8221;{}&#8221;]<\/p>\n<p>974 318 300<\/p>\n<p>[\/et_pb_blurb][et_pb_blurb title=&#8221;E-mail&#8221; use_icon=&#8221;on&#8221; font_icon=&#8221;&#xe076;||divi||400&#8243; icon_placement=&#8221;left&#8221; image_icon_width=&#8221;25px&#8221; content_max_width=&#8221;1450px&#8221; _builder_version=&#8221;4.27.5&#8243; _module_preset=&#8221;default&#8221; body_link_text_color=&#8221;#000000&#8243; custom_margin=&#8221;||33px|||&#8221; locked=&#8221;off&#8221; global_colors_info=&#8221;{%22gcid-primary-color%22:%91%22body_link_text_color__hover%22%93}&#8221; body_link_text_color__hover_enabled=&#8221;on|desktop&#8221; body_link_text_color__hover=&#8221;#ba6348&#8243;]<\/p>\n<p><a href=\"mailto:info@villacantal.com\">info@villacantal.com<\/a> <\/p>\n<p>[\/et_pb_blurb][et_pb_blurb title=&#8221;Addresses&#8221; use_icon=&#8221;on&#8221; font_icon=&#8221;&#xe076;||divi||400&#8243; icon_placement=&#8221;left&#8221; image_icon_width=&#8221;25px&#8221; content_max_width=&#8221;1450px&#8221; _builder_version=&#8221;4.27.5&#8243; _module_preset=&#8221;default&#8221; body_link_text_color=&#8221;#000000&#8243; custom_margin=&#8221;||33px|||&#8221; hover_enabled=&#8221;0&#8243; locked=&#8221;off&#8221; global_colors_info=&#8221;{%22gcid-primary-color%22:%91%22body_link_text_color__hover%22%93}&#8221; body_link_text_color__hover_enabled=&#8221;on|desktop&#8221; body_link_text_color__hover=&#8221;#ba6348&#8243; sticky_enabled=&#8221;0&#8243;]<\/p>\n<p><a href=\"https:\/\/www.google.com\/maps\/dir\/\/C.+San+Lucas,+11+22145+Alqu%C3%A9zar+Huesca\/@42.1732404,0.0257305,16z\/data=!4m5!4m4!1m0!1m2!1m1!1s0x12a78a399fe56a9b:0x37e54f0b9bc7ccec\" target=\"_blank\" rel=\"noopener\">C\/ San Lucas, 11, 22145 Alqu\u00e9zar, Huesca<\/a><br \/><a href=\"https:\/\/maps.app.goo.gl\/o7hB44t9csRioZe98\" target=\"_blank\" rel=\"noopener\">C\/ La Iglesia, 24, 22145 Alqu\u00e9zar, Huesca<\/a><\/p>\n<p>[\/et_pb_blurb][\/et_pb_column][et_pb_column type=&#8221;1_2&#8243; _builder_version=&#8221;4.27.5&#8243; _module_preset=&#8221;default&#8221; background_enable_image=&#8221;off&#8221; global_colors_info=&#8221;{}&#8221;][et_pb_heading title=&#8221;Write to us&#8221; _builder_version=&#8221;4.27.5&#8243; _module_preset=&#8221;default&#8221; title_level=&#8221;h2&#8243; title_font_size=&#8221;29px&#8221; title_line_height=&#8221;1.2em&#8221; custom_margin=&#8221;||15px||false|false&#8221; title_font_size_tablet=&#8221;24px&#8221; title_font_size_phone=&#8221;21px&#8221; title_font_size_last_edited=&#8221;on|tablet&#8221; global_colors_info=&#8221;{}&#8221;][\/et_pb_heading][et_pb_contact_form use_spam_service=&#8221;on&#8221; recaptcha_list=&#8221;virtualat2020@gmailcom-0&#8243; email=&#8221;info@villacantal.com &#8221; custom_message=&#8221;Has recibido un formulario de contacto de la web www.destinoalquezar.com||et_pb_line_break_holder||||et_pb_line_break_holder||Nombre: %%name%%||et_pb_line_break_holder||Apellido: %%surname%%||et_pb_line_break_holder||Tel\u00e9fono: %%phone%%||et_pb_line_break_holder||Email: %%email%%||et_pb_line_break_holder||Mensaje: %%message%%||et_pb_line_break_holder||Consentimiento: %%consentimiento%%&#8221; success_message=&#8221;Thank you for contacting us. You will receive a response as soon as possible.&#8221; submit_button_text=&#8221;SEND INQUIRY&#8221; _builder_version=&#8221;4.27.5&#8243; _module_preset=&#8221;default&#8221; _unique_id=&#8221;a62db36e-1a8e-4cf6-bb3e-f3fe81acd46e&#8221; form_field_font_size=&#8221;16px&#8221; custom_button=&#8221;on&#8221; button_use_icon=&#8221;off&#8221; button_custom_margin=&#8221;30px||||false|false&#8221; button_custom_padding=&#8221;10px||6px||false|false&#8221; button_text_size_tablet=&#8221;15px&#8221; button_text_size_phone=&#8221;14px&#8221; button_text_size_last_edited=&#8221;on|phone&#8221; global_colors_info=&#8221;{}&#8221;][et_pb_contact_field field_id=&#8221;Name&#8221; field_title=&#8221;Name *&#8221; _builder_version=&#8221;4.27.5&#8243; global_colors_info=&#8221;{}&#8221; button_text_size__hover_enabled=&#8221;off&#8221; button_one_text_size__hover_enabled=&#8221;off&#8221; button_two_text_size__hover_enabled=&#8221;off&#8221; button_text_color__hover_enabled=&#8221;off&#8221; button_one_text_color__hover_enabled=&#8221;off&#8221; button_two_text_color__hover_enabled=&#8221;off&#8221; button_border_width__hover_enabled=&#8221;off&#8221; button_one_border_width__hover_enabled=&#8221;off&#8221; button_two_border_width__hover_enabled=&#8221;off&#8221; button_border_color__hover_enabled=&#8221;off&#8221; button_one_border_color__hover_enabled=&#8221;off&#8221; button_two_border_color__hover_enabled=&#8221;off&#8221; button_border_radius__hover_enabled=&#8221;off&#8221; button_one_border_radius__hover_enabled=&#8221;off&#8221; button_two_border_radius__hover_enabled=&#8221;off&#8221; button_letter_spacing__hover_enabled=&#8221;off&#8221; button_one_letter_spacing__hover_enabled=&#8221;off&#8221; button_two_letter_spacing__hover_enabled=&#8221;off&#8221; button_bg_color__hover_enabled=&#8221;off&#8221; button_one_bg_color__hover_enabled=&#8221;off&#8221; button_two_bg_color__hover_enabled=&#8221;off&#8221;][\/et_pb_contact_field][et_pb_contact_field field_id=&#8221;Surname&#8221; field_title=&#8221;Surname *&#8221; _builder_version=&#8221;4.27.5&#8243; global_colors_info=&#8221;{}&#8221; button_text_size__hover_enabled=&#8221;off&#8221; button_one_text_size__hover_enabled=&#8221;off&#8221; button_two_text_size__hover_enabled=&#8221;off&#8221; button_text_color__hover_enabled=&#8221;off&#8221; button_one_text_color__hover_enabled=&#8221;off&#8221; button_two_text_color__hover_enabled=&#8221;off&#8221; button_border_width__hover_enabled=&#8221;off&#8221; button_one_border_width__hover_enabled=&#8221;off&#8221; button_two_border_width__hover_enabled=&#8221;off&#8221; button_border_color__hover_enabled=&#8221;off&#8221; button_one_border_color__hover_enabled=&#8221;off&#8221; button_two_border_color__hover_enabled=&#8221;off&#8221; button_border_radius__hover_enabled=&#8221;off&#8221; button_one_border_radius__hover_enabled=&#8221;off&#8221; button_two_border_radius__hover_enabled=&#8221;off&#8221; button_letter_spacing__hover_enabled=&#8221;off&#8221; button_one_letter_spacing__hover_enabled=&#8221;off&#8221; button_two_letter_spacing__hover_enabled=&#8221;off&#8221; button_bg_color__hover_enabled=&#8221;off&#8221; button_one_bg_color__hover_enabled=&#8221;off&#8221; button_two_bg_color__hover_enabled=&#8221;off&#8221;][\/et_pb_contact_field][et_pb_contact_field field_id=&#8221;Email&#8221; field_title=&#8221;Email *&#8221; field_type=&#8221;email&#8221; _builder_version=&#8221;4.27.5&#8243; global_colors_info=&#8221;{}&#8221; button_text_size__hover_enabled=&#8221;off&#8221; button_one_text_size__hover_enabled=&#8221;off&#8221; button_two_text_size__hover_enabled=&#8221;off&#8221; button_text_color__hover_enabled=&#8221;off&#8221; button_one_text_color__hover_enabled=&#8221;off&#8221; button_two_text_color__hover_enabled=&#8221;off&#8221; button_border_width__hover_enabled=&#8221;off&#8221; button_one_border_width__hover_enabled=&#8221;off&#8221; button_two_border_width__hover_enabled=&#8221;off&#8221; button_border_color__hover_enabled=&#8221;off&#8221; button_one_border_color__hover_enabled=&#8221;off&#8221; button_two_border_color__hover_enabled=&#8221;off&#8221; button_border_radius__hover_enabled=&#8221;off&#8221; button_one_border_radius__hover_enabled=&#8221;off&#8221; button_two_border_radius__hover_enabled=&#8221;off&#8221; button_letter_spacing__hover_enabled=&#8221;off&#8221; button_one_letter_spacing__hover_enabled=&#8221;off&#8221; button_two_letter_spacing__hover_enabled=&#8221;off&#8221; button_bg_color__hover_enabled=&#8221;off&#8221; button_one_bg_color__hover_enabled=&#8221;off&#8221; button_two_bg_color__hover_enabled=&#8221;off&#8221;][\/et_pb_contact_field][et_pb_contact_field field_id=&#8221;phone&#8221; field_title=&#8221;Phone&#8221; allowed_symbols=&#8221;numbers&#8221; required_mark=&#8221;off&#8221; _builder_version=&#8221;4.27.5&#8243; _module_preset=&#8221;default&#8221; global_colors_info=&#8221;{}&#8221;][\/et_pb_contact_field][et_pb_contact_field field_id=&#8221;Message&#8221; field_title=&#8221;Message *&#8221; field_type=&#8221;text&#8221; fullwidth_field=&#8221;on&#8221; _builder_version=&#8221;4.27.5&#8243; global_colors_info=&#8221;{}&#8221; button_text_size__hover_enabled=&#8221;off&#8221; button_one_text_size__hover_enabled=&#8221;off&#8221; button_two_text_size__hover_enabled=&#8221;off&#8221; button_text_color__hover_enabled=&#8221;off&#8221; button_one_text_color__hover_enabled=&#8221;off&#8221; button_two_text_color__hover_enabled=&#8221;off&#8221; button_border_width__hover_enabled=&#8221;off&#8221; button_one_border_width__hover_enabled=&#8221;off&#8221; button_two_border_width__hover_enabled=&#8221;off&#8221; button_border_color__hover_enabled=&#8221;off&#8221; button_one_border_color__hover_enabled=&#8221;off&#8221; button_two_border_color__hover_enabled=&#8221;off&#8221; button_border_radius__hover_enabled=&#8221;off&#8221; button_one_border_radius__hover_enabled=&#8221;off&#8221; button_two_border_radius__hover_enabled=&#8221;off&#8221; button_letter_spacing__hover_enabled=&#8221;off&#8221; button_one_letter_spacing__hover_enabled=&#8221;off&#8221; button_two_letter_spacing__hover_enabled=&#8221;off&#8221; button_bg_color__hover_enabled=&#8221;off&#8221; button_one_bg_color__hover_enabled=&#8221;off&#8221; button_two_bg_color__hover_enabled=&#8221;off&#8221;][\/et_pb_contact_field][et_pb_contact_field field_id=&#8221;consentimiento&#8221; field_title=&#8221;Data protection *&#8221; field_type=&#8221;checkbox&#8221; checkbox_options=&#8221;%91{%22value%22:%22The data controller is Hosarq Somontano, S.L. The purpose of collecting your data is to be able to respond to your requests for information, without transferring your data to third parties. You have the right to know what information we have about you, correct it or delete it as explained in the %22,%22checked%22:0,%22dragID%22:-1,%22link_url%22:%22https:%92\/%92\/destinoalquezar.com%92\/politica-privacidad%92\/%22,%22link_text%22:%22Privacy Policy%22}%93&#8243; fullwidth_field=&#8221;on&#8221; _builder_version=&#8221;4.27.5&#8243; _module_preset=&#8221;default&#8221; form_field_font_size=&#8221;15px&#8221; form_field_line_height=&#8221;1.4em&#8221; global_colors_info=&#8221;{}&#8221;][\/et_pb_contact_field][\/et_pb_contact_form][\/et_pb_column][\/et_pb_row][\/et_pb_section]<\/p>\n","protected":false},"excerpt":{"rendered":"<p>Do you have questions, need information, or want to start planning your visit? We are here to help you experience Alqu\u00e9zar to the fullest.Call or write to us and tell us what you need: information about our accommodations, recommendations, activities, or any other questions. We will respond as soon as possible to make your experience [&hellip;]<\/p>\n","protected":false},"author":1,"featured_media":0,"parent":0,"menu_order":0,"comment_status":"closed","ping_status":"closed","template":"","meta":{"_et_pb_use_builder":"on","_et_pb_old_content":"","_et_gb_content_width":"","footnotes":""},"class_list":["post-371","page","type-page","status-publish","hentry"],"yoast_head":"<!-- This site is optimized with the Yoast SEO plugin v27.0 - https:\/\/yoast.com\/product\/yoast-seo-wordpress\/ -->\n<title>Contact - Apartamentos tur\u00edsticos de Alqu\u00e9zar<\/title>\n<meta name=\"robots\" content=\"index, follow, max-snippet:-1, max-image-preview:large, max-video-preview:-1\" \/>\n<link rel=\"canonical\" href=\"https:\/\/destinoalquezar.com\/en\/contact\/\" \/>\n<meta property=\"og:locale\" content=\"en_US\" \/>\n<meta property=\"og:type\" content=\"article\" \/>\n<meta property=\"og:title\" content=\"Contact - Apartamentos tur\u00edsticos de Alqu\u00e9zar\" \/>\n<meta property=\"og:description\" content=\"Do you have questions, need information, or want to start planning your visit? We are here to help you experience Alqu\u00e9zar to the fullest.Call or write to us and tell us what you need: information about our accommodations, recommendations, activities, or any other questions. We will respond as soon as possible to make your experience [&hellip;]\" \/>\n<meta property=\"og:url\" content=\"https:\/\/destinoalquezar.com\/en\/contact\/\" \/>\n<meta property=\"og:site_name\" content=\"Apartamentos tur\u00edsticos de Alqu\u00e9zar\" \/>\n<meta property=\"article:modified_time\" content=\"2026-02-18T10:00:12+00:00\" \/>\n<meta name=\"twitter:card\" content=\"summary_large_image\" \/>\n<meta name=\"twitter:label1\" content=\"Est. reading time\" \/>\n\t<meta name=\"twitter:data1\" content=\"9 minutes\" \/>\n<script type=\"application\/ld+json\" class=\"yoast-schema-graph\">{\"@context\":\"https:\/\/schema.org\",\"@graph\":[{\"@type\":\"WebPage\",\"@id\":\"https:\/\/destinoalquezar.com\/en\/contact\/\",\"url\":\"https:\/\/destinoalquezar.com\/en\/contact\/\",\"name\":\"Contact - Apartamentos tur\u00edsticos de Alqu\u00e9zar\",\"isPartOf\":{\"@id\":\"https:\/\/destinoalquezar.com\/en\/#website\"},\"datePublished\":\"2026-02-04T17:57:40+00:00\",\"dateModified\":\"2026-02-18T10:00:12+00:00\",\"breadcrumb\":{\"@id\":\"https:\/\/destinoalquezar.com\/en\/contact\/#breadcrumb\"},\"inLanguage\":\"en-US\",\"potentialAction\":[{\"@type\":\"ReadAction\",\"target\":[\"https:\/\/destinoalquezar.com\/en\/contact\/\"]}]},{\"@type\":\"BreadcrumbList\",\"@id\":\"https:\/\/destinoalquezar.com\/en\/contact\/#breadcrumb\",\"itemListElement\":[{\"@type\":\"ListItem\",\"position\":1,\"name\":\"Portada\",\"item\":\"https:\/\/destinoalquezar.com\/en\/home\/\"},{\"@type\":\"ListItem\",\"position\":2,\"name\":\"Contact\"}]},{\"@type\":\"WebSite\",\"@id\":\"https:\/\/destinoalquezar.com\/en\/#website\",\"url\":\"https:\/\/destinoalquezar.com\/en\/\",\"name\":\"Apartamentos tur\u00edsticos de Alqu\u00e9zar\",\"description\":\"Destino Alqu\u00e9zar\",\"potentialAction\":[{\"@type\":\"SearchAction\",\"target\":{\"@type\":\"EntryPoint\",\"urlTemplate\":\"https:\/\/destinoalquezar.com\/en\/?s={search_term_string}\"},\"query-input\":{\"@type\":\"PropertyValueSpecification\",\"valueRequired\":true,\"valueName\":\"search_term_string\"}}],\"inLanguage\":\"en-US\"}]}<\/script>\n<!-- \/ Yoast SEO plugin. -->","yoast_head_json":{"title":"Contact - Apartamentos tur\u00edsticos de Alqu\u00e9zar","robots":{"index":"index","follow":"follow","max-snippet":"max-snippet:-1","max-image-preview":"max-image-preview:large","max-video-preview":"max-video-preview:-1"},"canonical":"https:\/\/destinoalquezar.com\/en\/contact\/","og_locale":"en_US","og_type":"article","og_title":"Contact - Apartamentos tur\u00edsticos de Alqu\u00e9zar","og_description":"Do you have questions, need information, or want to start planning your visit? We are here to help you experience Alqu\u00e9zar to the fullest.Call or write to us and tell us what you need: information about our accommodations, recommendations, activities, or any other questions. We will respond as soon as possible to make your experience [&hellip;]","og_url":"https:\/\/destinoalquezar.com\/en\/contact\/","og_site_name":"Apartamentos tur\u00edsticos de Alqu\u00e9zar","article_modified_time":"2026-02-18T10:00:12+00:00","twitter_card":"summary_large_image","twitter_misc":{"Est. reading time":"9 minutes"},"schema":{"@context":"https:\/\/schema.org","@graph":[{"@type":"WebPage","@id":"https:\/\/destinoalquezar.com\/en\/contact\/","url":"https:\/\/destinoalquezar.com\/en\/contact\/","name":"Contact - Apartamentos tur\u00edsticos de Alqu\u00e9zar","isPartOf":{"@id":"https:\/\/destinoalquezar.com\/en\/#website"},"datePublished":"2026-02-04T17:57:40+00:00","dateModified":"2026-02-18T10:00:12+00:00","breadcrumb":{"@id":"https:\/\/destinoalquezar.com\/en\/contact\/#breadcrumb"},"inLanguage":"en-US","potentialAction":[{"@type":"ReadAction","target":["https:\/\/destinoalquezar.com\/en\/contact\/"]}]},{"@type":"BreadcrumbList","@id":"https:\/\/destinoalquezar.com\/en\/contact\/#breadcrumb","itemListElement":[{"@type":"ListItem","position":1,"name":"Portada","item":"https:\/\/destinoalquezar.com\/en\/home\/"},{"@type":"ListItem","position":2,"name":"Contact"}]},{"@type":"WebSite","@id":"https:\/\/destinoalquezar.com\/en\/#website","url":"https:\/\/destinoalquezar.com\/en\/","name":"Apartamentos tur\u00edsticos de Alqu\u00e9zar","description":"Destino Alqu\u00e9zar","potentialAction":[{"@type":"SearchAction","target":{"@type":"EntryPoint","urlTemplate":"https:\/\/destinoalquezar.com\/en\/?s={search_term_string}"},"query-input":{"@type":"PropertyValueSpecification","valueRequired":true,"valueName":"search_term_string"}}],"inLanguage":"en-US"}]}},"_links":{"self":[{"href":"https:\/\/destinoalquezar.com\/en\/wp-json\/wp\/v2\/pages\/371","targetHints":{"allow":["GET"]}}],"collection":[{"href":"https:\/\/destinoalquezar.com\/en\/wp-json\/wp\/v2\/pages"}],"about":[{"href":"https:\/\/destinoalquezar.com\/en\/wp-json\/wp\/v2\/types\/page"}],"author":[{"embeddable":true,"href":"https:\/\/destinoalquezar.com\/en\/wp-json\/wp\/v2\/users\/1"}],"replies":[{"embeddable":true,"href":"https:\/\/destinoalquezar.com\/en\/wp-json\/wp\/v2\/comments?post=371"}],"version-history":[{"count":5,"href":"https:\/\/destinoalquezar.com\/en\/wp-json\/wp\/v2\/pages\/371\/revisions"}],"predecessor-version":[{"id":650,"href":"https:\/\/destinoalquezar.com\/en\/wp-json\/wp\/v2\/pages\/371\/revisions\/650"}],"wp:attachment":[{"href":"https:\/\/destinoalquezar.com\/en\/wp-json\/wp\/v2\/media?parent=371"}],"curies":[{"name":"wp","href":"https:\/\/api.w.org\/{rel}","templated":true}]}}