{"id":572,"date":"2026-02-04T18:57:40","date_gmt":"2026-02-04T17:57:40","guid":{"rendered":"https:\/\/destinoalquezar.com\/contact\/"},"modified":"2026-02-18T11:03:49","modified_gmt":"2026-02-18T10:03:49","slug":"contact","status":"publish","type":"page","link":"https:\/\/destinoalquezar.com\/fr\/contact\/","title":{"rendered":"Contact"},"content":{"rendered":"<p>[et_pb_section fb_built=\u00a0\u00bb1&Prime; fullwidth=\u00a0\u00bbon\u00a0\u00bb _builder_version=\u00a0\u00bb4.27.5&Prime; _module_preset=\u00a0\u00bbdefault\u00a0\u00bb global_colors_info=\u00a0\u00bb{}\u00a0\u00bb][et_pb_fullwidth_header title=\u00a0\u00bbVOTRE PROCHAINE ESCAPADE \u00c0 ALQUEZAR\u00a0\u00bb button_one_url=\u00a0\u00bbhttps:\/\/engine.prod.witbooking.com\/fr\/hotel\/destino_alquezar\u00a0\u00bb button_two_url=\u00a0\u00bbhttps:\/\/destinoalquezar.com\/fr\/contact\u00a0\u00bb background_overlay_color=\u00a0\u00bbrgba(0,0,0,0.4)\u00a0\u00bb content_max_width=\u00a0\u00bb50%\u00a0\u00bb content_max_width_tablet=\u00a0\u00bb100%\u00a0\u00bb content_max_width_phone=\u00a0\u00bb100%\u00a0\u00bb content_max_width_last_edited=\u00a0\u00bbon|phone\u00a0\u00bb _builder_version=\u00a0\u00bb4.27.5&Prime; _module_preset=\u00a0\u00bbdefault\u00a0\u00bb title_text_align=\u00a0\u00bbleft\u00a0\u00bb title_line_height=\u00a0\u00bb1.2em\u00a0\u00bb content_font_size=\u00a0\u00bb21px\u00a0\u00bb content_line_height=\u00a0\u00bb1.4em\u00a0\u00bb background_enable_color=\u00a0\u00bboff\u00a0\u00bb background_image=\u00a0\u00bbhttps:\/\/destinoalquezar.com\/wp-content\/uploads\/2026\/02\/apartamentos-fuendebanos-0-alquezar10.jpg\u00a0\u00bb background_enable_video_mp4=\u00a0\u00bboff\u00a0\u00bb custom_button_one=\u00a0\u00bbon\u00a0\u00bb button_one_icon=\u00a0\u00bb&#xf073;||fa||400&Prime; button_one_icon_placement=\u00a0\u00bbleft\u00a0\u00bb button_one_on_hover=\u00a0\u00bboff\u00a0\u00bb button_one_custom_margin=\u00a0\u00bb60px||||false|false\u00a0\u00bb button_one_custom_padding=\u00a0\u00bb8px||||false|false\u00a0\u00bb custom_button_two=\u00a0\u00bbon\u00a0\u00bb button_two_icon=\u00a0\u00bb&#xf086;||fa||400&Prime; button_two_icon_placement=\u00a0\u00bbleft\u00a0\u00bb button_two_on_hover=\u00a0\u00bboff\u00a0\u00bb button_two_custom_margin=\u00a0\u00bb||||false|false\u00a0\u00bb button_two_custom_padding=\u00a0\u00bb8px||||false|false\u00a0\u00bb custom_margin=\u00a0\u00bb||||false|false\u00a0\u00bb custom_padding=\u00a0\u00bb248px||248px||true|false\u00a0\u00bb custom_padding_tablet=\u00a0\u00bb150px||150px||true|false\u00a0\u00bb custom_padding_phone=\u00a0\u00bb100px||100px||true|false\u00a0\u00bb custom_padding_last_edited=\u00a0\u00bbon|tablet\u00a0\u00bb link_option_url_new_window=\u00a0\u00bbon\u00a0\u00bb title_text_align_tablet=\u00a0\u00bbcenter\u00a0\u00bb title_text_align_phone=\u00a0\u00bbcenter\u00a0\u00bb title_text_align_last_edited=\u00a0\u00bbon|tablet\u00a0\u00bb title_font_size_tablet=\u00a0\u00bb27px\u00a0\u00bb title_font_size_phone=\u00a0\u00bb22px\u00a0\u00bb title_font_size_last_edited=\u00a0\u00bbon|phone\u00a0\u00bb content_text_align_tablet=\u00a0\u00bbcenter\u00a0\u00bb content_text_align_phone=\u00a0\u00bbcenter\u00a0\u00bb content_text_align_last_edited=\u00a0\u00bbon|phone\u00a0\u00bb content_line_height_tablet=\u00a0\u00bb1.3em\u00a0\u00bb content_line_height_phone=\u00a0\u00bb1.3em\u00a0\u00bb content_line_height_last_edited=\u00a0\u00bbon|tablet\u00a0\u00bb button_one_text_size_tablet=\u00a0\u00bb15px\u00a0\u00bb button_one_text_size_phone=\u00a0\u00bb14px\u00a0\u00bb button_one_text_size_last_edited=\u00a0\u00bbon|phone\u00a0\u00bb button_two_text_size_tablet=\u00a0\u00bb15px\u00a0\u00bb button_two_text_size_phone=\u00a0\u00bb14px\u00a0\u00bb button_two_text_size_last_edited=\u00a0\u00bbon|tablet\u00a0\u00bb module_alignment_last_edited=\u00a0\u00bboff|tablet\u00a0\u00bb global_colors_info=\u00a0\u00bb{}\u00a0\u00bb custom_css_content_last_edited=\u00a0\u00bboff|desktop\u00a0\u00bb custom_css_button_1_last_edited=\u00a0\u00bbon|phone\u00a0\u00bb custom_css_button_1_tablet=\u00a0\u00bbmargin-left:27%;\u00a0\u00bb custom_css_button_2_last_edited=\u00a0\u00bboff|desktop\u00a0\u00bb custom_css_title_last_edited=\u00a0\u00bboff|desktop\u00a0\u00bb custom_css_button_1_phone=\u00a0\u00bbmargin-left:5%;\u00a0\u00bb]<\/p>\n<p>Vous avez des questions, besoin d&rsquo;informations ou souhaitez commencer \u00e0 planifier votre visite ? Nous sommes l\u00e0 pour vous aider \u00e0 profiter pleinement d&rsquo;Alqu\u00e9zar. <\/p>\n<p>[\/et_pb_fullwidth_header][\/et_pb_section][et_pb_section fb_built=\u00a0\u00bb1&Prime; custom_padding_last_edited=\u00a0\u00bbon|tablet\u00a0\u00bb _builder_version=\u00a0\u00bb4.27.5&Prime; _module_preset=\u00a0\u00bbdefault\u00a0\u00bb custom_padding_tablet=\u00a0\u00bb||0px||false|false\u00a0\u00bb custom_padding_phone=\u00a0\u00bb||0px||false|false\u00a0\u00bb global_colors_info=\u00a0\u00bb{}\u00a0\u00bb][et_pb_row column_structure=\u00a0\u00bb1_2,1_2&Prime; use_custom_gutter=\u00a0\u00bbon\u00a0\u00bb gutter_width=\u00a0\u00bb4&Prime; _builder_version=\u00a0\u00bb4.27.5&Prime; _module_preset=\u00a0\u00bbdefault\u00a0\u00bb global_colors_info=\u00a0\u00bb{}\u00a0\u00bb][et_pb_column type=\u00a0\u00bb1_2&Prime; _builder_version=\u00a0\u00bb4.27.5&Prime; _module_preset=\u00a0\u00bbdefault\u00a0\u00bb global_colors_info=\u00a0\u00bb{}\u00a0\u00bb][et_pb_heading title=\u00a0\u00bbContactez-nous\u00a0\u00bb _builder_version=\u00a0\u00bb4.27.5&Prime; _module_preset=\u00a0\u00bbdefault\u00a0\u00bb title_level=\u00a0\u00bbh2&Prime; title_font_size=\u00a0\u00bb29px\u00a0\u00bb title_line_height=\u00a0\u00bb1.2em\u00a0\u00bb custom_margin=\u00a0\u00bb||15px||false|false\u00a0\u00bb title_font_size_tablet=\u00a0\u00bb24px\u00a0\u00bb title_font_size_phone=\u00a0\u00bb21px\u00a0\u00bb title_font_size_last_edited=\u00a0\u00bbon|tablet\u00a0\u00bb global_colors_info=\u00a0\u00bb{}\u00a0\u00bb][\/et_pb_heading][et_pb_divider divider_weight=\u00a0\u00bb4px\u00a0\u00bb _builder_version=\u00a0\u00bb4.27.5&Prime; _module_preset=\u00a0\u00bbdefault\u00a0\u00bb width=\u00a0\u00bb50px\u00a0\u00bb custom_margin=\u00a0\u00bb||2px||false|false\u00a0\u00bb global_colors_info=\u00a0\u00bb{}\u00a0\u00bb][\/et_pb_divider][et_pb_text _builder_version=\u00a0\u00bb4.27.5&Prime; _module_preset=\u00a0\u00bbdefault\u00a0\u00bb custom_margin=\u00a0\u00bb||36px|||\u00a0\u00bb global_colors_info=\u00a0\u00bb{}\u00a0\u00bb]<\/p>\n<p>N&rsquo;h\u00e9sitez pas \u00e0 nous appeler ou \u00e0 nous \u00e9crire pour nous faire part de vos besoins : informations sur nos h\u00e9bergements, recommandations, activit\u00e9s ou toute autre question. Nous vous r\u00e9pondrons dans les plus brefs d\u00e9lais afin de rendre votre s\u00e9jour \u00e0 Alqu\u00e9zar inoubliable. <\/p>\n<p>[\/et_pb_text][et_pb_blurb title=\u00a0\u00bbT\u00e9l\u00e9phone\u00a0\u00bb use_icon=\u00a0\u00bbon\u00a0\u00bb font_icon=\u00a0\u00bb&#xe090;||divi||400&Prime; icon_placement=\u00a0\u00bbleft\u00a0\u00bb image_icon_width=\u00a0\u00bb25px\u00a0\u00bb content_max_width=\u00a0\u00bb1450px\u00a0\u00bb _builder_version=\u00a0\u00bb4.27.5&Prime; _module_preset=\u00a0\u00bbdefault\u00a0\u00bb custom_margin=\u00a0\u00bb||33px|||\u00a0\u00bb locked=\u00a0\u00bboff\u00a0\u00bb global_colors_info=\u00a0\u00bb{}\u00a0\u00bb]<\/p>\n<p>974 318 300<\/p>\n<p>[\/et_pb_blurb][et_pb_blurb title=\u00a0\u00bbE-mail\u00a0\u00bb use_icon=\u00a0\u00bbon\u00a0\u00bb font_icon=\u00a0\u00bb&#xe076;||divi||400&Prime; icon_placement=\u00a0\u00bbleft\u00a0\u00bb image_icon_width=\u00a0\u00bb25px\u00a0\u00bb content_max_width=\u00a0\u00bb1450px\u00a0\u00bb _builder_version=\u00a0\u00bb4.27.5&Prime; _module_preset=\u00a0\u00bbdefault\u00a0\u00bb body_link_text_color=\u00a0\u00bb#000000&Prime; custom_margin=\u00a0\u00bb||33px|||\u00a0\u00bb locked=\u00a0\u00bboff\u00a0\u00bb global_colors_info=\u00a0\u00bb{%22gcid-primary-color%22:%91%22body_link_text_color__hover%22%93}\u00a0\u00bb body_link_text_color__hover_enabled=\u00a0\u00bbon|desktop\u00a0\u00bb body_link_text_color__hover=\u00a0\u00bb#ba6348&Prime;]<\/p>\n<p><a href=\"mailto:info@villacantal.com\">info@villacantal.com<\/a> <\/p>\n<p>[\/et_pb_blurb][et_pb_blurb title=\u00a0\u00bbInstructions\u00a0\u00bb use_icon=\u00a0\u00bbon\u00a0\u00bb font_icon=\u00a0\u00bb&#xe076;||divi||400&Prime; icon_placement=\u00a0\u00bbleft\u00a0\u00bb image_icon_width=\u00a0\u00bb25px\u00a0\u00bb content_max_width=\u00a0\u00bb1450px\u00a0\u00bb _builder_version=\u00a0\u00bb4.27.5&Prime; _module_preset=\u00a0\u00bbdefault\u00a0\u00bb body_link_text_color=\u00a0\u00bb#000000&Prime; custom_margin=\u00a0\u00bb||33px|||\u00a0\u00bb hover_enabled=\u00a0\u00bb0&Prime; locked=\u00a0\u00bboff\u00a0\u00bb global_colors_info=\u00a0\u00bb{%22gcid-primary-color%22:%91%22body_link_text_color__hover%22%93}\u00a0\u00bb body_link_text_color__hover_enabled=\u00a0\u00bbon|desktop\u00a0\u00bb body_link_text_color__hover=\u00a0\u00bb#ba6348&Prime; sticky_enabled=\u00a0\u00bb0&Prime;]<\/p>\n<p><a href=\"https:\/\/www.google.com\/maps\/dir\/\/C.+San+Lucas,+11+22145+Alqu%C3%A9zar+Huesca\/@42.1732404,0.0257305,16z\/data=!4m5!4m4!1m0!1m2!1m1!1s0x12a78a399fe56a9b:0x37e54f0b9bc7ccec\" target=\"_blank\" rel=\"noopener\">C\/ San Lucas, 11, 22145 Alqu\u00e9zar, Huesca<\/a><br \/><a href=\"https:\/\/maps.app.goo.gl\/o7hB44t9csRioZe98\" target=\"_blank\" rel=\"noopener\">C\/ La Iglesia, 24, 22145 Alqu\u00e9zar, Huesca<\/a><\/p>\n<p>[\/et_pb_blurb][\/et_pb_column][et_pb_column type=\u00a0\u00bb1_2&Prime; _builder_version=\u00a0\u00bb4.27.5&Prime; _module_preset=\u00a0\u00bbdefault\u00a0\u00bb background_enable_image=\u00a0\u00bboff\u00a0\u00bb global_colors_info=\u00a0\u00bb{}\u00a0\u00bb][et_pb_heading title=\u00a0\u00bb\u00c9crivez-nous\u00a0\u00bb _builder_version=\u00a0\u00bb4.27.5&Prime; _module_preset=\u00a0\u00bbdefault\u00a0\u00bb title_level=\u00a0\u00bbh2&Prime; title_font_size=\u00a0\u00bb29px\u00a0\u00bb title_line_height=\u00a0\u00bb1.2em\u00a0\u00bb custom_margin=\u00a0\u00bb||15px||false|false\u00a0\u00bb title_font_size_tablet=\u00a0\u00bb24px\u00a0\u00bb title_font_size_phone=\u00a0\u00bb21px\u00a0\u00bb title_font_size_last_edited=\u00a0\u00bbon|tablet\u00a0\u00bb global_colors_info=\u00a0\u00bb{}\u00a0\u00bb][\/et_pb_heading][et_pb_contact_form use_spam_service=\u00a0\u00bbon\u00a0\u00bb recaptcha_list=\u00a0\u00bbvirtualat2020@gmailcom-0&Prime; email=\u00a0\u00bbinfo@villacantal.com \u00a0\u00bb custom_message=\u00a0\u00bbHas recibido un formulario de contacto de la web www.destinoalquezar.com||et_pb_line_break_holder||||et_pb_line_break_holder||Nombre: %%name%%||et_pb_line_break_holder||Apellido: %%surname%%||et_pb_line_break_holder||Tel\u00e9fono: %%phone%%||et_pb_line_break_holder||Email: %%email%%||et_pb_line_break_holder||Mensaje: %%message%%||et_pb_line_break_holder||Consentimiento: %%consentimiento%%\u00a0\u00bb success_message=\u00a0\u00bbMerci de nous avoir contact\u00e9s. Vous recevrez une r\u00e9ponse dans les plus brefs d\u00e9lais. \u00a0\u00bb submit_button_text=\u00a0\u00bbENVOYER UNE DEMANDE\u00a0\u00bb _builder_version=\u00a0\u00bb4.27.5&Prime; _module_preset=\u00a0\u00bbdefault\u00a0\u00bb _unique_id=\u00a0\u00bba62db36e-1a8e-4cf6-bb3e-f3fe81acd46e\u00a0\u00bb form_field_font_size=\u00a0\u00bb16px\u00a0\u00bb custom_button=\u00a0\u00bbon\u00a0\u00bb button_use_icon=\u00a0\u00bboff\u00a0\u00bb button_custom_margin=\u00a0\u00bb30px||||false|false\u00a0\u00bb button_custom_padding=\u00a0\u00bb10px||6px||false|false\u00a0\u00bb button_text_size_tablet=\u00a0\u00bb15px\u00a0\u00bb button_text_size_phone=\u00a0\u00bb14px\u00a0\u00bb button_text_size_last_edited=\u00a0\u00bbon|phone\u00a0\u00bb global_colors_info=\u00a0\u00bb{}\u00a0\u00bb][et_pb_contact_field field_id=\u00a0\u00bbName\u00a0\u00bb field_title=\u00a0\u00bbNom *\u00a0\u00bb _builder_version=\u00a0\u00bb4.27.5&Prime; global_colors_info=\u00a0\u00bb{}\u00a0\u00bb button_text_size__hover_enabled=\u00a0\u00bboff\u00a0\u00bb button_one_text_size__hover_enabled=\u00a0\u00bboff\u00a0\u00bb button_two_text_size__hover_enabled=\u00a0\u00bboff\u00a0\u00bb button_text_color__hover_enabled=\u00a0\u00bboff\u00a0\u00bb button_one_text_color__hover_enabled=\u00a0\u00bboff\u00a0\u00bb button_two_text_color__hover_enabled=\u00a0\u00bboff\u00a0\u00bb button_border_width__hover_enabled=\u00a0\u00bboff\u00a0\u00bb button_one_border_width__hover_enabled=\u00a0\u00bboff\u00a0\u00bb button_two_border_width__hover_enabled=\u00a0\u00bboff\u00a0\u00bb button_border_color__hover_enabled=\u00a0\u00bboff\u00a0\u00bb button_one_border_color__hover_enabled=\u00a0\u00bboff\u00a0\u00bb button_two_border_color__hover_enabled=\u00a0\u00bboff\u00a0\u00bb button_border_radius__hover_enabled=\u00a0\u00bboff\u00a0\u00bb button_one_border_radius__hover_enabled=\u00a0\u00bboff\u00a0\u00bb button_two_border_radius__hover_enabled=\u00a0\u00bboff\u00a0\u00bb button_letter_spacing__hover_enabled=\u00a0\u00bboff\u00a0\u00bb button_one_letter_spacing__hover_enabled=\u00a0\u00bboff\u00a0\u00bb button_two_letter_spacing__hover_enabled=\u00a0\u00bboff\u00a0\u00bb button_bg_color__hover_enabled=\u00a0\u00bboff\u00a0\u00bb button_one_bg_color__hover_enabled=\u00a0\u00bboff\u00a0\u00bb button_two_bg_color__hover_enabled=\u00a0\u00bboff\u00a0\u00bb][\/et_pb_contact_field][et_pb_contact_field field_id=\u00a0\u00bbSurname\u00a0\u00bb field_title=\u00a0\u00bbNom de famille *\u00a0\u00bb _builder_version=\u00a0\u00bb4.27.5&Prime; global_colors_info=\u00a0\u00bb{}\u00a0\u00bb button_text_size__hover_enabled=\u00a0\u00bboff\u00a0\u00bb button_one_text_size__hover_enabled=\u00a0\u00bboff\u00a0\u00bb button_two_text_size__hover_enabled=\u00a0\u00bboff\u00a0\u00bb button_text_color__hover_enabled=\u00a0\u00bboff\u00a0\u00bb button_one_text_color__hover_enabled=\u00a0\u00bboff\u00a0\u00bb button_two_text_color__hover_enabled=\u00a0\u00bboff\u00a0\u00bb button_border_width__hover_enabled=\u00a0\u00bboff\u00a0\u00bb button_one_border_width__hover_enabled=\u00a0\u00bboff\u00a0\u00bb button_two_border_width__hover_enabled=\u00a0\u00bboff\u00a0\u00bb button_border_color__hover_enabled=\u00a0\u00bboff\u00a0\u00bb button_one_border_color__hover_enabled=\u00a0\u00bboff\u00a0\u00bb button_two_border_color__hover_enabled=\u00a0\u00bboff\u00a0\u00bb button_border_radius__hover_enabled=\u00a0\u00bboff\u00a0\u00bb button_one_border_radius__hover_enabled=\u00a0\u00bboff\u00a0\u00bb button_two_border_radius__hover_enabled=\u00a0\u00bboff\u00a0\u00bb button_letter_spacing__hover_enabled=\u00a0\u00bboff\u00a0\u00bb button_one_letter_spacing__hover_enabled=\u00a0\u00bboff\u00a0\u00bb button_two_letter_spacing__hover_enabled=\u00a0\u00bboff\u00a0\u00bb button_bg_color__hover_enabled=\u00a0\u00bboff\u00a0\u00bb button_one_bg_color__hover_enabled=\u00a0\u00bboff\u00a0\u00bb button_two_bg_color__hover_enabled=\u00a0\u00bboff\u00a0\u00bb][\/et_pb_contact_field][et_pb_contact_field field_id=\u00a0\u00bbEmail\u00a0\u00bb field_title=\u00a0\u00bbE-mail *\u00a0\u00bb field_type=\u00a0\u00bbemail\u00a0\u00bb _builder_version=\u00a0\u00bb4.27.5&Prime; global_colors_info=\u00a0\u00bb{}\u00a0\u00bb button_text_size__hover_enabled=\u00a0\u00bboff\u00a0\u00bb button_one_text_size__hover_enabled=\u00a0\u00bboff\u00a0\u00bb button_two_text_size__hover_enabled=\u00a0\u00bboff\u00a0\u00bb button_text_color__hover_enabled=\u00a0\u00bboff\u00a0\u00bb button_one_text_color__hover_enabled=\u00a0\u00bboff\u00a0\u00bb button_two_text_color__hover_enabled=\u00a0\u00bboff\u00a0\u00bb button_border_width__hover_enabled=\u00a0\u00bboff\u00a0\u00bb button_one_border_width__hover_enabled=\u00a0\u00bboff\u00a0\u00bb button_two_border_width__hover_enabled=\u00a0\u00bboff\u00a0\u00bb button_border_color__hover_enabled=\u00a0\u00bboff\u00a0\u00bb button_one_border_color__hover_enabled=\u00a0\u00bboff\u00a0\u00bb button_two_border_color__hover_enabled=\u00a0\u00bboff\u00a0\u00bb button_border_radius__hover_enabled=\u00a0\u00bboff\u00a0\u00bb button_one_border_radius__hover_enabled=\u00a0\u00bboff\u00a0\u00bb button_two_border_radius__hover_enabled=\u00a0\u00bboff\u00a0\u00bb button_letter_spacing__hover_enabled=\u00a0\u00bboff\u00a0\u00bb button_one_letter_spacing__hover_enabled=\u00a0\u00bboff\u00a0\u00bb button_two_letter_spacing__hover_enabled=\u00a0\u00bboff\u00a0\u00bb button_bg_color__hover_enabled=\u00a0\u00bboff\u00a0\u00bb button_one_bg_color__hover_enabled=\u00a0\u00bboff\u00a0\u00bb button_two_bg_color__hover_enabled=\u00a0\u00bboff\u00a0\u00bb][\/et_pb_contact_field][et_pb_contact_field field_id=\u00a0\u00bbphone\u00a0\u00bb field_title=\u00a0\u00bbT\u00e9l\u00e9phone\u00a0\u00bb allowed_symbols=\u00a0\u00bbnumbers\u00a0\u00bb required_mark=\u00a0\u00bboff\u00a0\u00bb _builder_version=\u00a0\u00bb4.27.5&Prime; _module_preset=\u00a0\u00bbdefault\u00a0\u00bb global_colors_info=\u00a0\u00bb{}\u00a0\u00bb][\/et_pb_contact_field][et_pb_contact_field field_id=\u00a0\u00bbMessage\u00a0\u00bb field_title=\u00a0\u00bbMessage *\u00a0\u00bb field_type=\u00a0\u00bbtext\u00a0\u00bb fullwidth_field=\u00a0\u00bbon\u00a0\u00bb _builder_version=\u00a0\u00bb4.27.5&Prime; global_colors_info=\u00a0\u00bb{}\u00a0\u00bb button_text_size__hover_enabled=\u00a0\u00bboff\u00a0\u00bb button_one_text_size__hover_enabled=\u00a0\u00bboff\u00a0\u00bb button_two_text_size__hover_enabled=\u00a0\u00bboff\u00a0\u00bb button_text_color__hover_enabled=\u00a0\u00bboff\u00a0\u00bb button_one_text_color__hover_enabled=\u00a0\u00bboff\u00a0\u00bb button_two_text_color__hover_enabled=\u00a0\u00bboff\u00a0\u00bb button_border_width__hover_enabled=\u00a0\u00bboff\u00a0\u00bb button_one_border_width__hover_enabled=\u00a0\u00bboff\u00a0\u00bb button_two_border_width__hover_enabled=\u00a0\u00bboff\u00a0\u00bb button_border_color__hover_enabled=\u00a0\u00bboff\u00a0\u00bb button_one_border_color__hover_enabled=\u00a0\u00bboff\u00a0\u00bb button_two_border_color__hover_enabled=\u00a0\u00bboff\u00a0\u00bb button_border_radius__hover_enabled=\u00a0\u00bboff\u00a0\u00bb button_one_border_radius__hover_enabled=\u00a0\u00bboff\u00a0\u00bb button_two_border_radius__hover_enabled=\u00a0\u00bboff\u00a0\u00bb button_letter_spacing__hover_enabled=\u00a0\u00bboff\u00a0\u00bb button_one_letter_spacing__hover_enabled=\u00a0\u00bboff\u00a0\u00bb button_two_letter_spacing__hover_enabled=\u00a0\u00bboff\u00a0\u00bb button_bg_color__hover_enabled=\u00a0\u00bboff\u00a0\u00bb button_one_bg_color__hover_enabled=\u00a0\u00bboff\u00a0\u00bb button_two_bg_color__hover_enabled=\u00a0\u00bboff\u00a0\u00bb][\/et_pb_contact_field][et_pb_contact_field field_id=\u00a0\u00bbconsentimiento\u00a0\u00bb field_title=\u00a0\u00bbProtection des donn\u00e9es *\u00a0\u00bb field_type=\u00a0\u00bbcheckbox\u00a0\u00bb checkbox_options=\u00a0\u00bb%91{%22value%22:%22Le responsable du traitement des donn\u00e9es est Hosarq Somontano, S.L. La collecte de vos donn\u00e9es a pour finalit\u00e9 de r\u00e9pondre \u00e0 vos demandes d&rsquo;information, sans que vos donn\u00e9es soient partag\u00e9es avec des tiers. Vous disposez d&rsquo;un droit d&rsquo;acc\u00e8s, de rectification et d&rsquo;effacement des donn\u00e9es que nous d\u00e9tenons vous concernant, conform\u00e9ment \u00e0 notre  %22,%22checked%22:0,%22dragID%22:-1,%22link_url%22:%22https:%92\/%92\/destinoalquezar.com%92\/politica-privacidad%92\/%22,%22link_text%22:%22Politique de confidentialit\u00e9%22}%93&Prime; fullwidth_field=\u00a0\u00bbon\u00a0\u00bb _builder_version=\u00a0\u00bb4.27.5&Prime; _module_preset=\u00a0\u00bbdefault\u00a0\u00bb form_field_font_size=\u00a0\u00bb15px\u00a0\u00bb form_field_line_height=\u00a0\u00bb1.4em\u00a0\u00bb global_colors_info=\u00a0\u00bb{}\u00a0\u00bb][\/et_pb_contact_field][\/et_pb_contact_form][\/et_pb_column][\/et_pb_row][\/et_pb_section]<\/p>\n","protected":false},"excerpt":{"rendered":"<p>Vous avez des questions, besoin d&rsquo;informations ou souhaitez commencer \u00e0 planifier votre visite ? Nous sommes l\u00e0 pour vous aider \u00e0 profiter pleinement d&rsquo;Alqu\u00e9zar. N&rsquo;h\u00e9sitez pas \u00e0 nous appeler ou \u00e0 nous \u00e9crire pour nous faire part de vos besoins : informations sur nos h\u00e9bergements, recommandations, activit\u00e9s ou toute autre question. Nous vous r\u00e9pondrons dans [&hellip;]<\/p>\n","protected":false},"author":1,"featured_media":0,"parent":0,"menu_order":0,"comment_status":"closed","ping_status":"closed","template":"","meta":{"_et_pb_use_builder":"on","_et_pb_old_content":"","_et_gb_content_width":"","footnotes":""},"class_list":["post-572","page","type-page","status-publish","hentry"],"yoast_head":"<!-- This site is optimized with the Yoast SEO plugin v27.0 - https:\/\/yoast.com\/product\/yoast-seo-wordpress\/ -->\n<title>Contact - Apartamentos tur\u00edsticos de Alqu\u00e9zar<\/title>\n<meta name=\"robots\" content=\"index, follow, max-snippet:-1, max-image-preview:large, max-video-preview:-1\" \/>\n<link rel=\"canonical\" href=\"https:\/\/destinoalquezar.com\/fr\/contact\/\" \/>\n<meta property=\"og:locale\" content=\"fr_FR\" \/>\n<meta property=\"og:type\" content=\"article\" \/>\n<meta property=\"og:title\" content=\"Contact - Apartamentos tur\u00edsticos de Alqu\u00e9zar\" \/>\n<meta property=\"og:description\" content=\"Vous avez des questions, besoin d&#039;informations ou souhaitez commencer \u00e0 planifier votre visite ? Nous sommes l\u00e0 pour vous aider \u00e0 profiter pleinement d&#039;Alqu\u00e9zar. N&#039;h\u00e9sitez pas \u00e0 nous appeler ou \u00e0 nous \u00e9crire pour nous faire part de vos besoins : informations sur nos h\u00e9bergements, recommandations, activit\u00e9s ou toute autre question. Nous vous r\u00e9pondrons dans [&hellip;]\" \/>\n<meta property=\"og:url\" content=\"https:\/\/destinoalquezar.com\/fr\/contact\/\" \/>\n<meta property=\"og:site_name\" content=\"Apartamentos tur\u00edsticos de Alqu\u00e9zar\" \/>\n<meta property=\"article:modified_time\" content=\"2026-02-18T10:03:49+00:00\" \/>\n<meta name=\"twitter:card\" content=\"summary_large_image\" \/>\n<meta name=\"twitter:label1\" content=\"Dur\u00e9e de lecture estim\u00e9e\" \/>\n\t<meta name=\"twitter:data1\" content=\"9 minutes\" \/>\n<script type=\"application\/ld+json\" class=\"yoast-schema-graph\">{\"@context\":\"https:\/\/schema.org\",\"@graph\":[{\"@type\":\"WebPage\",\"@id\":\"https:\/\/destinoalquezar.com\/fr\/contact\/\",\"url\":\"https:\/\/destinoalquezar.com\/fr\/contact\/\",\"name\":\"Contact - Apartamentos tur\u00edsticos de Alqu\u00e9zar\",\"isPartOf\":{\"@id\":\"https:\/\/destinoalquezar.com\/fr\/#website\"},\"datePublished\":\"2026-02-04T17:57:40+00:00\",\"dateModified\":\"2026-02-18T10:03:49+00:00\",\"breadcrumb\":{\"@id\":\"https:\/\/destinoalquezar.com\/fr\/contact\/#breadcrumb\"},\"inLanguage\":\"fr-FR\",\"potentialAction\":[{\"@type\":\"ReadAction\",\"target\":[\"https:\/\/destinoalquezar.com\/fr\/contact\/\"]}]},{\"@type\":\"BreadcrumbList\",\"@id\":\"https:\/\/destinoalquezar.com\/fr\/contact\/#breadcrumb\",\"itemListElement\":[{\"@type\":\"ListItem\",\"position\":1,\"name\":\"Portada\",\"item\":\"https:\/\/destinoalquezar.com\/fr\/\"},{\"@type\":\"ListItem\",\"position\":2,\"name\":\"Contact\"}]},{\"@type\":\"WebSite\",\"@id\":\"https:\/\/destinoalquezar.com\/fr\/#website\",\"url\":\"https:\/\/destinoalquezar.com\/fr\/\",\"name\":\"Apartamentos tur\u00edsticos de Alqu\u00e9zar\",\"description\":\"Destino Alqu\u00e9zar\",\"potentialAction\":[{\"@type\":\"SearchAction\",\"target\":{\"@type\":\"EntryPoint\",\"urlTemplate\":\"https:\/\/destinoalquezar.com\/fr\/?s={search_term_string}\"},\"query-input\":{\"@type\":\"PropertyValueSpecification\",\"valueRequired\":true,\"valueName\":\"search_term_string\"}}],\"inLanguage\":\"fr-FR\"}]}<\/script>\n<!-- \/ Yoast SEO plugin. -->","yoast_head_json":{"title":"Contact - Apartamentos tur\u00edsticos de Alqu\u00e9zar","robots":{"index":"index","follow":"follow","max-snippet":"max-snippet:-1","max-image-preview":"max-image-preview:large","max-video-preview":"max-video-preview:-1"},"canonical":"https:\/\/destinoalquezar.com\/fr\/contact\/","og_locale":"fr_FR","og_type":"article","og_title":"Contact - Apartamentos tur\u00edsticos de Alqu\u00e9zar","og_description":"Vous avez des questions, besoin d'informations ou souhaitez commencer \u00e0 planifier votre visite ? Nous sommes l\u00e0 pour vous aider \u00e0 profiter pleinement d'Alqu\u00e9zar. N'h\u00e9sitez pas \u00e0 nous appeler ou \u00e0 nous \u00e9crire pour nous faire part de vos besoins : informations sur nos h\u00e9bergements, recommandations, activit\u00e9s ou toute autre question. Nous vous r\u00e9pondrons dans [&hellip;]","og_url":"https:\/\/destinoalquezar.com\/fr\/contact\/","og_site_name":"Apartamentos tur\u00edsticos de Alqu\u00e9zar","article_modified_time":"2026-02-18T10:03:49+00:00","twitter_card":"summary_large_image","twitter_misc":{"Dur\u00e9e de lecture estim\u00e9e":"9 minutes"},"schema":{"@context":"https:\/\/schema.org","@graph":[{"@type":"WebPage","@id":"https:\/\/destinoalquezar.com\/fr\/contact\/","url":"https:\/\/destinoalquezar.com\/fr\/contact\/","name":"Contact - Apartamentos tur\u00edsticos de Alqu\u00e9zar","isPartOf":{"@id":"https:\/\/destinoalquezar.com\/fr\/#website"},"datePublished":"2026-02-04T17:57:40+00:00","dateModified":"2026-02-18T10:03:49+00:00","breadcrumb":{"@id":"https:\/\/destinoalquezar.com\/fr\/contact\/#breadcrumb"},"inLanguage":"fr-FR","potentialAction":[{"@type":"ReadAction","target":["https:\/\/destinoalquezar.com\/fr\/contact\/"]}]},{"@type":"BreadcrumbList","@id":"https:\/\/destinoalquezar.com\/fr\/contact\/#breadcrumb","itemListElement":[{"@type":"ListItem","position":1,"name":"Portada","item":"https:\/\/destinoalquezar.com\/fr\/"},{"@type":"ListItem","position":2,"name":"Contact"}]},{"@type":"WebSite","@id":"https:\/\/destinoalquezar.com\/fr\/#website","url":"https:\/\/destinoalquezar.com\/fr\/","name":"Apartamentos tur\u00edsticos de Alqu\u00e9zar","description":"Destino Alqu\u00e9zar","potentialAction":[{"@type":"SearchAction","target":{"@type":"EntryPoint","urlTemplate":"https:\/\/destinoalquezar.com\/fr\/?s={search_term_string}"},"query-input":{"@type":"PropertyValueSpecification","valueRequired":true,"valueName":"search_term_string"}}],"inLanguage":"fr-FR"}]}},"_links":{"self":[{"href":"https:\/\/destinoalquezar.com\/fr\/wp-json\/wp\/v2\/pages\/572","targetHints":{"allow":["GET"]}}],"collection":[{"href":"https:\/\/destinoalquezar.com\/fr\/wp-json\/wp\/v2\/pages"}],"about":[{"href":"https:\/\/destinoalquezar.com\/fr\/wp-json\/wp\/v2\/types\/page"}],"author":[{"embeddable":true,"href":"https:\/\/destinoalquezar.com\/fr\/wp-json\/wp\/v2\/users\/1"}],"replies":[{"embeddable":true,"href":"https:\/\/destinoalquezar.com\/fr\/wp-json\/wp\/v2\/comments?post=572"}],"version-history":[{"count":3,"href":"https:\/\/destinoalquezar.com\/fr\/wp-json\/wp\/v2\/pages\/572\/revisions"}],"predecessor-version":[{"id":653,"href":"https:\/\/destinoalquezar.com\/fr\/wp-json\/wp\/v2\/pages\/572\/revisions\/653"}],"wp:attachment":[{"href":"https:\/\/destinoalquezar.com\/fr\/wp-json\/wp\/v2\/media?parent=572"}],"curies":[{"name":"wp","href":"https:\/\/api.w.org\/{rel}","templated":true}]}}